{"id":731,"date":"2020-07-06T17:00:07","date_gmt":"2020-07-06T17:00:07","guid":{"rendered":"http:\/\/ny.foodismore.com\/?page_id=731"},"modified":"2020-11-07T10:54:23","modified_gmt":"2020-11-07T10:54:23","slug":"ydelser","status":"publish","type":"page","link":"http:\/\/foodismore.com\/index.php\/ydelser\/","title":{"rendered":"Ydelser"},"content":{"rendered":"\n<h4 style=\"text-align:center\">YOUR BRAND<\/h4>\n\n\n\n<p style=\"text-align:center\"><strong>FOOD.IS.MORE<\/strong> introducerer dit produkt og dit brand for detailhandlen.<\/p>\n\n\n\n<h4 style=\"text-align:center\">PRIVATE LABELS<\/h4>\n\n\n\n<p style=\"text-align:center\"><strong>FOOD.IS.MORE<\/strong> hj\u00e6lper dig med at finde og oprette private label &#8211; med alt hvad det indeb\u00e6rer f.eks. ogs\u00e5 valg af emballage og design.<\/p>\n\n\n\n<p style=\"text-align:left\">Private label er i en markant udvikling. Tidligere blev private label prim\u00e6rt brugt til at markedsf\u00f8re low-end produkter, men i dag markedsf\u00f8rer mange detailk\u00e6der private labels p\u00e5 alle prisniveauer, og de optager til stadighed mere hyldeplads i butikkerne.<\/p>\n\n\n\n<hr class=\"wp-block-separator is-style-default\"\/>\n\n\n\n<div class=\"wp-container-3 wp-block-columns has-2-columns\">\n<div class=\"wp-container-1 wp-block-column\">\n<p><strong>FOOD.IS.MORE<\/strong> tilbyder at introducere din virksomhed og dine produkter p\u00e5 det danske marked.<\/p>\n\n\n\n<p>Med en mange\u00e5rig og solid baggrund indenfor branchen, har vi stor kendskab til, hvad kommunikation og et godt samarbejde &#8211; p\u00e5 alle plan &#8211; indeb\u00e6rer.<\/p>\n\n\n\n<p>Innovation og produktudvikling er kritiske faktorer for FMCG-virksomheder.<br>Innovation gennemf\u00f8res ofte i t\u00e6t samarbejde med forbrugerne, der bidrager med deres erfaringer og holdninger, og kan dermed holde virksomhederne ajour med de stadig stigende krav.<\/p>\n\n\n\n<p><strong>FOOD.IS.MORE<\/strong> har fingeren p\u00e5 pulsen &#8211; b\u00e5de hvad ang\u00e5r detailhandlen og forbrugeren, og det er en passion, at f\u00f8lge med i madtrends, opskrifter samt generelt hvad der r\u00f8rer sig p\u00e5 hylderne i butikkerne.<\/p>\n<\/div>\n\n\n\n<div class=\"wp-container-2 wp-block-column\">\n<p><strong>FOOD.IS.MORE TILBYDER BL.A.:<\/strong><\/p>\n\n\n\n<ul><li>Markedsunders\u00f8gelser<\/li><li>Optimering af kundeforhold<\/li><li>Udvikling af forretningsplaner<\/li><li>Produktudvikling<\/li><li>Tendenser og s\u00e6soner<\/li><li>Hj\u00e6lp til emballage i tidssvarende design og valg af b\u00e6redygtige materialer <\/li><\/ul>\n\n\n\n<hr class=\"wp-block-separator\"\/>\n\n\n\n<div class=\"wp-block-button alignleft\"><a class=\"wp-block-button__link has-background\" href=\"http:\/\/foodismore.com\/index.php\/kontakt\/\" style=\"background-color:#2a1404\">       KONTAKT OS        <\/a><\/div>\n<\/div>\n<\/div>\n","protected":false},"excerpt":{"rendered":"<p>YOUR BRAND FOOD.IS.MORE introducerer dit produkt og dit brand for detailhandlen. PRIVATE LABELS FOOD.IS.MORE hj\u00e6lper dig med at finde og oprette private label &#8211; med alt hvad det indeb\u00e6rer f.eks. ogs\u00e5 valg af emballage og design. Private label er i en markant udvikling. Tidligere blev private label prim\u00e6rt brugt til at markedsf\u00f8re low-end produkter, men i dag markedsf\u00f8rer mange detailk\u00e6der private labels p\u00e5 alle prisniveauer, og de optager til stadighed mere hyldeplads i butikkerne. FOOD.IS.MORE tilbyder at introducere din virksomhed og dine produkter p\u00e5 det danske marked. Med en mange\u00e5rig og solid baggrund indenfor branchen, har vi stor kendskab til, hvad kommunikation og et godt samarbejde &#8211; p\u00e5 alle plan &#8211; indeb\u00e6rer. Innovation og produktudvikling er kritiske faktorer for FMCG-virksomheder.Innovation gennemf\u00f8res ofte i t\u00e6t samarbejde med forbrugerne, der bidrager med deres erfaringer og holdninger, og kan dermed holde virksomhederne ajour med de stadig stigende krav. FOOD.IS.MORE har fingeren p\u00e5 pulsen &#8211; b\u00e5de hvad ang\u00e5r detailhandlen og forbrugeren, og det er en passion, at f\u00f8lge med i madtrends, opskrifter samt generelt hvad der r\u00f8rer sig p\u00e5 hylderne i butikkerne. FOOD.IS.MORE TILBYDER BL.A.: Markedsunders\u00f8gelser Optimering af kundeforhold Udvikling af forretningsplaner Produktudvikling Tendenser og s\u00e6soner Hj\u00e6lp til emballage i tidssvarende design og valg af b\u00e6redygtige materialer<\/p>\n","protected":false},"author":1,"featured_media":613,"parent":0,"menu_order":0,"comment_status":"closed","ping_status":"closed","template":"","meta":[],"_links":{"self":[{"href":"http:\/\/foodismore.com\/index.php\/wp-json\/wp\/v2\/pages\/731"}],"collection":[{"href":"http:\/\/foodismore.com\/index.php\/wp-json\/wp\/v2\/pages"}],"about":[{"href":"http:\/\/foodismore.com\/index.php\/wp-json\/wp\/v2\/types\/page"}],"author":[{"embeddable":true,"href":"http:\/\/foodismore.com\/index.php\/wp-json\/wp\/v2\/users\/1"}],"replies":[{"embeddable":true,"href":"http:\/\/foodismore.com\/index.php\/wp-json\/wp\/v2\/comments?post=731"}],"version-history":[{"count":94,"href":"http:\/\/foodismore.com\/index.php\/wp-json\/wp\/v2\/pages\/731\/revisions"}],"predecessor-version":[{"id":1275,"href":"http:\/\/foodismore.com\/index.php\/wp-json\/wp\/v2\/pages\/731\/revisions\/1275"}],"wp:featuredmedia":[{"embeddable":true,"href":"http:\/\/foodismore.com\/index.php\/wp-json\/wp\/v2\/media\/613"}],"wp:attachment":[{"href":"http:\/\/foodismore.com\/index.php\/wp-json\/wp\/v2\/media?parent=731"}],"curies":[{"name":"wp","href":"https:\/\/api.w.org\/{rel}","templated":true}]}}