{"id":468,"date":"2019-10-05T08:37:36","date_gmt":"2019-10-05T08:37:36","guid":{"rendered":"http:\/\/ny.foodismore.com\/?page_id=468"},"modified":"2025-04-29T16:12:24","modified_gmt":"2025-04-29T16:12:24","slug":"kontakt","status":"publish","type":"page","link":"http:\/\/foodismore.com\/index.php\/kontakt\/","title":{"rendered":"KONTAKT"},"content":{"rendered":"\n<h5 style=\"text-align:center\">FOOD.IS.MORE v\/Gitte Br\u00f8ndum<\/h5>\n\n\n\n<p style=\"text-align:center\">Lundg\u00e5rdsvej 13, R\u00e5rup, 7130 Juelsminde \u2013 DK<br>Mobil: +45 2277 1533<br>Mail:\u00a0<a rel=\"noreferrer noopener\" href=\"mailto:gb@foodismore.com\" target=\"_blank\"><strong>gb@foodismore.com<\/strong><\/a>  <\/p>\n\n\n\n<p style=\"text-align:center\">  Du er altid velkommen til at kontakte os for en uforpligtende snak om et evt. fremadrettet samarbejde. <br>Referencer sendes gerne.<\/p>\n\n\n\n<p style=\"text-align:center\"><font style=\"vertical-align: inherit;\"><font style=\"vertical-align: inherit;\"> Ring eller send os en mail og vi svarer tilbage hurtigst mulig.  <\/font><\/font><\/p>\n\n\n\n<div class=\"wp-block-button aligncenter\"><a class=\"wp-block-button__link has-text-color has-very-light-gray-color has-background\" href=\"mailto: gb@foodismore.com\" style=\"background-color:#2a1404\">SEND OS EN MAIL<\/a><\/div>\n","protected":false},"excerpt":{"rendered":"<p>FOOD.IS.MORE v\/Gitte Br\u00f8ndum Lundg\u00e5rdsvej 13, R\u00e5rup, 7130 Juelsminde \u2013 DKMobil: +45 2277 1533Mail:\u00a0gb@foodismore.com Du er altid velkommen til at kontakte os for en uforpligtende snak om et evt. fremadrettet samarbejde. Referencer sendes gerne. Ring eller send os en mail og vi svarer tilbage hurtigst mulig.<\/p>\n","protected":false},"author":1,"featured_media":997,"parent":0,"menu_order":0,"comment_status":"closed","ping_status":"closed","template":"","meta":[],"_links":{"self":[{"href":"http:\/\/foodismore.com\/index.php\/wp-json\/wp\/v2\/pages\/468"}],"collection":[{"href":"http:\/\/foodismore.com\/index.php\/wp-json\/wp\/v2\/pages"}],"about":[{"href":"http:\/\/foodismore.com\/index.php\/wp-json\/wp\/v2\/types\/page"}],"author":[{"embeddable":true,"href":"http:\/\/foodismore.com\/index.php\/wp-json\/wp\/v2\/users\/1"}],"replies":[{"embeddable":true,"href":"http:\/\/foodismore.com\/index.php\/wp-json\/wp\/v2\/comments?post=468"}],"version-history":[{"count":89,"href":"http:\/\/foodismore.com\/index.php\/wp-json\/wp\/v2\/pages\/468\/revisions"}],"predecessor-version":[{"id":1290,"href":"http:\/\/foodismore.com\/index.php\/wp-json\/wp\/v2\/pages\/468\/revisions\/1290"}],"wp:featuredmedia":[{"embeddable":true,"href":"http:\/\/foodismore.com\/index.php\/wp-json\/wp\/v2\/media\/997"}],"wp:attachment":[{"href":"http:\/\/foodismore.com\/index.php\/wp-json\/wp\/v2\/media?parent=468"}],"curies":[{"name":"wp","href":"https:\/\/api.w.org\/{rel}","templated":true}]}}