{"id":1140,"date":"2020-09-09T14:00:05","date_gmt":"2020-09-09T14:00:05","guid":{"rendered":"http:\/\/ny.foodismore.com\/?page_id=1140"},"modified":"2020-11-07T10:52:12","modified_gmt":"2020-11-07T10:52:12","slug":"om-logoet","status":"publish","type":"page","link":"http:\/\/foodismore.com\/index.php\/om-os\/om-logoet\/","title":{"rendered":"OM LOGOET"},"content":{"rendered":"\n<div class=\"wp-block-media-text alignwide is-stacked-on-mobile\" style=\"grid-template-columns:39% auto\"><figure class=\"wp-block-media-text__media\"><img loading=\"lazy\" width=\"458\" height=\"276\" src=\"http:\/\/foodismore.com\/wp-content\/uploads\/2019\/10\/foodismore-logo-black-medium.png\" alt=\"\" class=\"wp-image-471\"\/><\/figure><div class=\"wp-block-media-text__content\">\n<p><br><strong>Logoet er skabt med udgangspunkt i Food.Is.Mores prim\u00e6re funktion &#8211; nemlig mad og kommunikation.<\/strong><\/p>\n\n\n\n<p><strong>FOOD<\/strong> skrevet p\u00e5 tegnsprog giver brandet sin helt egen m\u00e5de at udtrykke et ord p\u00e5, som er kommunikeret p\u00e5 1000vis af m\u00e5der f\u00f8r.<br>Kort fortalt \u00f8nsker vi at signalere:<\/p>\n\n\n\n<p><strong>F <\/strong> = Tegnet OK<br><strong>OO<\/strong> = Kikkert &#8211; en nysgerrig spejden efter nyheder og trends<br><strong>D<\/strong> = Pegefingeren i vejret &#8211; her \u00f8nskes \/ kr\u00e6ves opm\u00e6rksomhed<\/p>\n\n\n\n<p><em>Logoet er udarbejdet af Nikolaj Effert Jonassen<\/em><\/p>\n<\/div><\/div>\n\n\n\n<p><\/p>\n","protected":false},"excerpt":{"rendered":"<p>Logoet er skabt med udgangspunkt i Food.Is.Mores prim\u00e6re funktion &#8211; nemlig mad og kommunikation. FOOD skrevet p\u00e5 tegnsprog giver brandet sin helt egen m\u00e5de at udtrykke et ord p\u00e5, som er kommunikeret p\u00e5 1000vis af m\u00e5der f\u00f8r.Kort fortalt \u00f8nsker vi at signalere: F = Tegnet OKOO = Kikkert &#8211; en nysgerrig spejden efter nyheder og trendsD = Pegefingeren i vejret &#8211; her \u00f8nskes \/ kr\u00e6ves opm\u00e6rksomhed Logoet er udarbejdet af Nikolaj Effert Jonassen<\/p>\n","protected":false},"author":1,"featured_media":0,"parent":475,"menu_order":1,"comment_status":"closed","ping_status":"closed","template":"","meta":[],"_links":{"self":[{"href":"http:\/\/foodismore.com\/index.php\/wp-json\/wp\/v2\/pages\/1140"}],"collection":[{"href":"http:\/\/foodismore.com\/index.php\/wp-json\/wp\/v2\/pages"}],"about":[{"href":"http:\/\/foodismore.com\/index.php\/wp-json\/wp\/v2\/types\/page"}],"author":[{"embeddable":true,"href":"http:\/\/foodismore.com\/index.php\/wp-json\/wp\/v2\/users\/1"}],"replies":[{"embeddable":true,"href":"http:\/\/foodismore.com\/index.php\/wp-json\/wp\/v2\/comments?post=1140"}],"version-history":[{"count":40,"href":"http:\/\/foodismore.com\/index.php\/wp-json\/wp\/v2\/pages\/1140\/revisions"}],"predecessor-version":[{"id":1274,"href":"http:\/\/foodismore.com\/index.php\/wp-json\/wp\/v2\/pages\/1140\/revisions\/1274"}],"up":[{"embeddable":true,"href":"http:\/\/foodismore.com\/index.php\/wp-json\/wp\/v2\/pages\/475"}],"wp:attachment":[{"href":"http:\/\/foodismore.com\/index.php\/wp-json\/wp\/v2\/media?parent=1140"}],"curies":[{"name":"wp","href":"https:\/\/api.w.org\/{rel}","templated":true}]}}